{"id":607,"date":"2021-11-04T15:03:50","date_gmt":"2021-11-04T15:03:50","guid":{"rendered":"https:\/\/preview.kroonwilnis.nl\/home\/"},"modified":"2022-01-04T16:43:38","modified_gmt":"2022-01-04T16:43:38","slug":"home","status":"publish","type":"page","link":"https:\/\/www.kroonwilnis.nl\/de\/","title":{"rendered":"Home"},"content":{"rendered":"\n<h2 class=\"wp-block-heading\">Wer wir sind und was wir tun<\/h2>\n\n<div class=\"wp-block-columns is-layout-flex wp-container-core-columns-is-layout-9d6595d7 wp-block-columns-is-layout-flex\">\n<div class=\"wp-block-column is-layout-flow wp-block-column-is-layout-flow\">\n<p><strong>E. Kroon Wilnis B.V.<\/strong> ist ein Unternehmen, das sich seit 1977 mit dem An-und Verkauf von Eisenschrott, Batterien und verschiedenen Metallen besch\u00e4ftigt. Verschiedene Metalle wie: Aluminium, Edelstahl, Kupfer, Kabel, Elektromotoren usw. Neben dem Einkauf und Verkauf von Eisenschrott, Batterien und Metallen sind wir auch auf Abbrucharbeiten spezialisiert. Gerne unterst\u00fctzen wir Sie auch bei Abbrucharbeiten auf internationaler Ebene. Unsere Abbrucharbeiten zielen haupts\u00e4chlich darauf ab, Eisenschrott und verschiedene Metalle aus Geb\u00e4uden und Anlagen zu entfernen. Seit 1998 ist unser Unternehmen im Besitz des VCA**-Zertifikats.<br\/>&#13;\nE. Kroon Wilnis B.V. verf\u00fcgt \u00fcber eigene LKWs, mit denen wir Container platzieren und bei unsere Kunden abholen. Es ist auch m\u00f6glich, Ihre Metalle selbst bei uns (sowohl Gesch\u00e4fts- und Privatkunden) zu bringen.<br\/>&#13;\nWir verf\u00fcgen auch \u00fcber ein W\u00e4gesystem mit Radioaktivit\u00e4tsmessung, wie es die aktuellen Umweltvorschriften erfordern.<\/p>\n<\/div>\n\n\n\n<div class=\"wp-block-column is-layout-flow wp-block-column-is-layout-flow\">\n<p><strong>Kroon Metal Recycling B.V<\/strong>. ist ein Unternehmen, das 2017 gegr\u00fcndet wurde und sich auf das Recycling von Eisen und Metallen spezialisiert hat.<\/p>\n\n\n\n<p><p>W\u00e4hrend des Recyclingprozesses trennen wir verschiedene Arten von Eisen und Metallen. Wir reduzieren lange L\u00e4ngen, so dass das gesamte Material f\u00fcr den n\u00e4chsten Anwender im In- und Ausland bereit ist.<\/p>&#13;\n<p>Der Recyclingprozess erfolgt bei uns auf sichere, nachhaltige und umweltfreundliche Weise.<\/p><\/p>\n<\/div>\n<\/div>\n","protected":false},"excerpt":{"rendered":"<p>Wer wir sind und was wir tun E. Kroon Wilnis B.V. ist ein Unternehmen, das sich seit 1977 mit dem An-und Verkauf von Eisenschrott, Batterien und verschiedenen Metallen besch\u00e4ftigt. Verschiedene Metalle wie: Aluminium, Edelstahl, Kupfer, Kabel, Elektromotoren usw. Neben dem Einkauf und Verkauf von Eisenschrott, Batterien und Metallen sind wir auch auf Abbrucharbeiten spezialisiert. Gerne<a class=\"excerpt-read-more\" href=\"https:\/\/www.kroonwilnis.nl\/de\/\" title=\"ReadHome\">&#8230; Read more &raquo;<\/a><\/p>\n","protected":false},"author":1,"featured_media":0,"parent":0,"menu_order":0,"comment_status":"closed","ping_status":"closed","template":"template-homepage.php","meta":{"_acf_changed":false,"footnotes":""},"class_list":["post-607","page","type-page","status-publish","hentry"],"acf":[],"yoast_head":"<!-- This site is optimized with the Yoast SEO plugin v27.5 - https:\/\/yoast.com\/product\/yoast-seo-wordpress\/ -->\n<title>Home - Kroon<\/title>\n<meta name=\"robots\" content=\"index, follow, max-snippet:-1, max-image-preview:large, max-video-preview:-1\" \/>\n<link rel=\"canonical\" href=\"https:\/\/www.kroonwilnis.nl\/de\/\" \/>\n<meta property=\"og:locale\" content=\"de_DE\" \/>\n<meta property=\"og:type\" content=\"article\" \/>\n<meta property=\"og:title\" content=\"Home - Kroon\" \/>\n<meta property=\"og:description\" content=\"Wer wir sind und was wir tun E. Kroon Wilnis B.V. ist ein Unternehmen, das sich seit 1977 mit dem An-und Verkauf von Eisenschrott, Batterien und verschiedenen Metallen besch\u00e4ftigt. Verschiedene Metalle wie: Aluminium, Edelstahl, Kupfer, Kabel, Elektromotoren usw. Neben dem Einkauf und Verkauf von Eisenschrott, Batterien und Metallen sind wir auch auf Abbrucharbeiten spezialisiert. Gerne... Read more &raquo;\" \/>\n<meta property=\"og:url\" content=\"https:\/\/www.kroonwilnis.nl\/de\/\" \/>\n<meta property=\"og:site_name\" content=\"Kroon\" \/>\n<meta property=\"article:modified_time\" content=\"2022-01-04T16:43:38+00:00\" \/>\n<meta name=\"twitter:card\" content=\"summary_large_image\" \/>\n<meta name=\"twitter:label1\" content=\"Gesch\u00e4tzte Lesezeit\" \/>\n\t<meta name=\"twitter:data1\" content=\"1\u00a0Minute\" \/>\n<script type=\"application\/ld+json\" class=\"yoast-schema-graph\">{\"@context\":\"https:\\\/\\\/schema.org\",\"@graph\":[{\"@type\":\"WebPage\",\"@id\":\"https:\\\/\\\/www.kroonwilnis.nl\\\/de\\\/\",\"url\":\"https:\\\/\\\/www.kroonwilnis.nl\\\/de\\\/\",\"name\":\"Home - Kroon\",\"isPartOf\":{\"@id\":\"https:\\\/\\\/www.kroonwilnis.nl\\\/de\\\/#website\"},\"datePublished\":\"2021-11-04T15:03:50+00:00\",\"dateModified\":\"2022-01-04T16:43:38+00:00\",\"breadcrumb\":{\"@id\":\"https:\\\/\\\/www.kroonwilnis.nl\\\/de\\\/#breadcrumb\"},\"inLanguage\":\"de\",\"potentialAction\":[{\"@type\":\"ReadAction\",\"target\":[\"https:\\\/\\\/www.kroonwilnis.nl\\\/de\\\/\"]}]},{\"@type\":\"BreadcrumbList\",\"@id\":\"https:\\\/\\\/www.kroonwilnis.nl\\\/de\\\/#breadcrumb\",\"itemListElement\":[{\"@type\":\"ListItem\",\"position\":1,\"name\":\"Home\",\"item\":\"https:\\\/\\\/www.kroonwilnis.nl\\\/de\\\/home\\\/\"},{\"@type\":\"ListItem\",\"position\":2,\"name\":\"Home\"}]},{\"@type\":\"WebSite\",\"@id\":\"https:\\\/\\\/www.kroonwilnis.nl\\\/de\\\/#website\",\"url\":\"https:\\\/\\\/www.kroonwilnis.nl\\\/de\\\/\",\"name\":\"Kroon\",\"description\":\"\",\"potentialAction\":[{\"@type\":\"SearchAction\",\"target\":{\"@type\":\"EntryPoint\",\"urlTemplate\":\"https:\\\/\\\/www.kroonwilnis.nl\\\/de\\\/?s={search_term_string}\"},\"query-input\":{\"@type\":\"PropertyValueSpecification\",\"valueRequired\":true,\"valueName\":\"search_term_string\"}}],\"inLanguage\":\"de\"}]}<\/script>\n<!-- \/ Yoast SEO plugin. -->","yoast_head_json":{"title":"Home - Kroon","robots":{"index":"index","follow":"follow","max-snippet":"max-snippet:-1","max-image-preview":"max-image-preview:large","max-video-preview":"max-video-preview:-1"},"canonical":"https:\/\/www.kroonwilnis.nl\/de\/","og_locale":"de_DE","og_type":"article","og_title":"Home - Kroon","og_description":"Wer wir sind und was wir tun E. Kroon Wilnis B.V. ist ein Unternehmen, das sich seit 1977 mit dem An-und Verkauf von Eisenschrott, Batterien und verschiedenen Metallen besch\u00e4ftigt. Verschiedene Metalle wie: Aluminium, Edelstahl, Kupfer, Kabel, Elektromotoren usw. Neben dem Einkauf und Verkauf von Eisenschrott, Batterien und Metallen sind wir auch auf Abbrucharbeiten spezialisiert. Gerne... Read more &raquo;","og_url":"https:\/\/www.kroonwilnis.nl\/de\/","og_site_name":"Kroon","article_modified_time":"2022-01-04T16:43:38+00:00","twitter_card":"summary_large_image","twitter_misc":{"Gesch\u00e4tzte Lesezeit":"1\u00a0Minute"},"schema":{"@context":"https:\/\/schema.org","@graph":[{"@type":"WebPage","@id":"https:\/\/www.kroonwilnis.nl\/de\/","url":"https:\/\/www.kroonwilnis.nl\/de\/","name":"Home - Kroon","isPartOf":{"@id":"https:\/\/www.kroonwilnis.nl\/de\/#website"},"datePublished":"2021-11-04T15:03:50+00:00","dateModified":"2022-01-04T16:43:38+00:00","breadcrumb":{"@id":"https:\/\/www.kroonwilnis.nl\/de\/#breadcrumb"},"inLanguage":"de","potentialAction":[{"@type":"ReadAction","target":["https:\/\/www.kroonwilnis.nl\/de\/"]}]},{"@type":"BreadcrumbList","@id":"https:\/\/www.kroonwilnis.nl\/de\/#breadcrumb","itemListElement":[{"@type":"ListItem","position":1,"name":"Home","item":"https:\/\/www.kroonwilnis.nl\/de\/home\/"},{"@type":"ListItem","position":2,"name":"Home"}]},{"@type":"WebSite","@id":"https:\/\/www.kroonwilnis.nl\/de\/#website","url":"https:\/\/www.kroonwilnis.nl\/de\/","name":"Kroon","description":"","potentialAction":[{"@type":"SearchAction","target":{"@type":"EntryPoint","urlTemplate":"https:\/\/www.kroonwilnis.nl\/de\/?s={search_term_string}"},"query-input":{"@type":"PropertyValueSpecification","valueRequired":true,"valueName":"search_term_string"}}],"inLanguage":"de"}]}},"_links":{"self":[{"href":"https:\/\/www.kroonwilnis.nl\/de\/wp-json\/wp\/v2\/pages\/607","targetHints":{"allow":["GET"]}}],"collection":[{"href":"https:\/\/www.kroonwilnis.nl\/de\/wp-json\/wp\/v2\/pages"}],"about":[{"href":"https:\/\/www.kroonwilnis.nl\/de\/wp-json\/wp\/v2\/types\/page"}],"author":[{"embeddable":true,"href":"https:\/\/www.kroonwilnis.nl\/de\/wp-json\/wp\/v2\/users\/1"}],"replies":[{"embeddable":true,"href":"https:\/\/www.kroonwilnis.nl\/de\/wp-json\/wp\/v2\/comments?post=607"}],"version-history":[{"count":5,"href":"https:\/\/www.kroonwilnis.nl\/de\/wp-json\/wp\/v2\/pages\/607\/revisions"}],"predecessor-version":[{"id":967,"href":"https:\/\/www.kroonwilnis.nl\/de\/wp-json\/wp\/v2\/pages\/607\/revisions\/967"}],"wp:attachment":[{"href":"https:\/\/www.kroonwilnis.nl\/de\/wp-json\/wp\/v2\/media?parent=607"}],"curies":[{"name":"wp","href":"https:\/\/api.w.org\/{rel}","templated":true}]}}