{"id":611,"date":"2021-11-04T15:08:42","date_gmt":"2021-11-04T15:08:42","guid":{"rendered":"https:\/\/preview.kroonwilnis.nl\/recycling\/"},"modified":"2022-01-04T16:47:19","modified_gmt":"2022-01-04T16:47:19","slug":"recycling","status":"publish","type":"page","link":"https:\/\/www.kroonwilnis.nl\/de\/recycling\/","title":{"rendered":"Recycling"},"content":{"rendered":"\n<p><\/p>\n\n<div class=\"wp-block-columns is-layout-flex wp-container-core-columns-is-layout-9d6595d7 wp-block-columns-is-layout-flex\">\n<div class=\"wp-block-column is-layout-flow wp-block-column-is-layout-flow\">\n<p><strong>E. Kroon Wilnis B.V.<\/strong> besitzt einen eigenen Abbruch- und Lagerwerft in Wilnis.<br\/>&#13;\nAuf der Werft wird das Material mittels hydraulischer Kr\u00e4ne und einer selbstfahrende Schrottschere reduziert oder Verschrottet.<br\/>&#13;\nDie Materialien werden auch nach Arten sortiert und gelagert, so dass das Material f\u00fcr einen n\u00e4chsten Anwender in den Niederlanden und im Ausland bereit ist. N\u00e4chste Anwender wie Gie\u00dfereien und Schmelz\u00f6fen auf der ganzen Welt.<\/p>\n<\/div>\n\n\n\n<div class=\"wp-block-column is-layout-flow wp-block-column-is-layout-flow\">\n<p><strong>Kroon Metal Recycling B.V.<\/strong> ist im Besitz einer selbstfahrende Schrottschere. Ein einziger Schalter auf der Fernbedienung erm\u00f6glicht es dem Bediener, die Maschine zum Schrott statt des Schrottmaterials zur Maschine zu bewegen. Die selbstfahrende Schrottschere bietet eine optimale L\u00f6sung, um Zeit zu sparen und Kosten zu senken, da das Material nicht jedes Mal bewegt werden muss.<br\/>&#13;\nDie Maschinen von Kroon Metal Recycling B.V. finden Sie im Hafengebiet von Amsterdam, wo es lange L\u00e4ngen des Materials reduziert, das f\u00fcr den n\u00e4chsten Benutzer in den Niederlanden und im Ausland vorbereitet wird.<\/p>\n<\/div>\n<\/div>\n","protected":false},"excerpt":{"rendered":"<p>E. Kroon Wilnis B.V. besitzt einen eigenen Abbruch- und Lagerwerft in Wilnis.&#13; Auf der Werft wird das Material mittels hydraulischer Kr\u00e4ne und einer selbstfahrende Schrottschere reduziert oder Verschrottet.&#13; Die Materialien werden auch nach Arten sortiert und gelagert, so dass das Material f\u00fcr einen n\u00e4chsten Anwender in den Niederlanden und im Ausland bereit ist. N\u00e4chste Anwender<a class=\"excerpt-read-more\" href=\"https:\/\/www.kroonwilnis.nl\/de\/recycling\/\" title=\"ReadRecycling\">&#8230; Read more &raquo;<\/a><\/p>\n","protected":false},"author":1,"featured_media":0,"parent":0,"menu_order":0,"comment_status":"closed","ping_status":"closed","template":"","meta":{"_acf_changed":false,"footnotes":""},"class_list":["post-611","page","type-page","status-publish","hentry"],"acf":[],"yoast_head":"<!-- This site is optimized with the Yoast SEO plugin v27.5 - https:\/\/yoast.com\/product\/yoast-seo-wordpress\/ -->\n<title>Recycling - Kroon<\/title>\n<meta name=\"robots\" content=\"index, follow, max-snippet:-1, max-image-preview:large, max-video-preview:-1\" \/>\n<link rel=\"canonical\" href=\"https:\/\/www.kroonwilnis.nl\/de\/recycling\/\" \/>\n<meta property=\"og:locale\" content=\"de_DE\" \/>\n<meta property=\"og:type\" content=\"article\" \/>\n<meta property=\"og:title\" content=\"Recycling - Kroon\" \/>\n<meta property=\"og:description\" content=\"E. Kroon Wilnis B.V. besitzt einen eigenen Abbruch- und Lagerwerft in Wilnis.&#013; Auf der Werft wird das Material mittels hydraulischer Kr\u00e4ne und einer selbstfahrende Schrottschere reduziert oder Verschrottet.&#013; Die Materialien werden auch nach Arten sortiert und gelagert, so dass das Material f\u00fcr einen n\u00e4chsten Anwender in den Niederlanden und im Ausland bereit ist. N\u00e4chste Anwender... Read more &raquo;\" \/>\n<meta property=\"og:url\" content=\"https:\/\/www.kroonwilnis.nl\/de\/recycling\/\" \/>\n<meta property=\"og:site_name\" content=\"Kroon\" \/>\n<meta property=\"article:modified_time\" content=\"2022-01-04T16:47:19+00:00\" \/>\n<meta name=\"twitter:card\" content=\"summary_large_image\" \/>\n<meta name=\"twitter:label1\" content=\"Gesch\u00e4tzte Lesezeit\" \/>\n\t<meta name=\"twitter:data1\" content=\"1\u00a0Minute\" \/>\n<script type=\"application\/ld+json\" class=\"yoast-schema-graph\">{\"@context\":\"https:\\\/\\\/schema.org\",\"@graph\":[{\"@type\":\"WebPage\",\"@id\":\"https:\\\/\\\/www.kroonwilnis.nl\\\/de\\\/recycling\\\/\",\"url\":\"https:\\\/\\\/www.kroonwilnis.nl\\\/de\\\/recycling\\\/\",\"name\":\"Recycling - Kroon\",\"isPartOf\":{\"@id\":\"https:\\\/\\\/www.kroonwilnis.nl\\\/de\\\/#website\"},\"datePublished\":\"2021-11-04T15:08:42+00:00\",\"dateModified\":\"2022-01-04T16:47:19+00:00\",\"breadcrumb\":{\"@id\":\"https:\\\/\\\/www.kroonwilnis.nl\\\/de\\\/recycling\\\/#breadcrumb\"},\"inLanguage\":\"de\",\"potentialAction\":[{\"@type\":\"ReadAction\",\"target\":[\"https:\\\/\\\/www.kroonwilnis.nl\\\/de\\\/recycling\\\/\"]}]},{\"@type\":\"BreadcrumbList\",\"@id\":\"https:\\\/\\\/www.kroonwilnis.nl\\\/de\\\/recycling\\\/#breadcrumb\",\"itemListElement\":[{\"@type\":\"ListItem\",\"position\":1,\"name\":\"Home\",\"item\":\"https:\\\/\\\/www.kroonwilnis.nl\\\/de\\\/home\\\/\"},{\"@type\":\"ListItem\",\"position\":2,\"name\":\"Recycling\"}]},{\"@type\":\"WebSite\",\"@id\":\"https:\\\/\\\/www.kroonwilnis.nl\\\/de\\\/#website\",\"url\":\"https:\\\/\\\/www.kroonwilnis.nl\\\/de\\\/\",\"name\":\"Kroon\",\"description\":\"\",\"potentialAction\":[{\"@type\":\"SearchAction\",\"target\":{\"@type\":\"EntryPoint\",\"urlTemplate\":\"https:\\\/\\\/www.kroonwilnis.nl\\\/de\\\/?s={search_term_string}\"},\"query-input\":{\"@type\":\"PropertyValueSpecification\",\"valueRequired\":true,\"valueName\":\"search_term_string\"}}],\"inLanguage\":\"de\"}]}<\/script>\n<!-- \/ Yoast SEO plugin. -->","yoast_head_json":{"title":"Recycling - Kroon","robots":{"index":"index","follow":"follow","max-snippet":"max-snippet:-1","max-image-preview":"max-image-preview:large","max-video-preview":"max-video-preview:-1"},"canonical":"https:\/\/www.kroonwilnis.nl\/de\/recycling\/","og_locale":"de_DE","og_type":"article","og_title":"Recycling - Kroon","og_description":"E. Kroon Wilnis B.V. besitzt einen eigenen Abbruch- und Lagerwerft in Wilnis.&#13; Auf der Werft wird das Material mittels hydraulischer Kr\u00e4ne und einer selbstfahrende Schrottschere reduziert oder Verschrottet.&#13; Die Materialien werden auch nach Arten sortiert und gelagert, so dass das Material f\u00fcr einen n\u00e4chsten Anwender in den Niederlanden und im Ausland bereit ist. N\u00e4chste Anwender... Read more &raquo;","og_url":"https:\/\/www.kroonwilnis.nl\/de\/recycling\/","og_site_name":"Kroon","article_modified_time":"2022-01-04T16:47:19+00:00","twitter_card":"summary_large_image","twitter_misc":{"Gesch\u00e4tzte Lesezeit":"1\u00a0Minute"},"schema":{"@context":"https:\/\/schema.org","@graph":[{"@type":"WebPage","@id":"https:\/\/www.kroonwilnis.nl\/de\/recycling\/","url":"https:\/\/www.kroonwilnis.nl\/de\/recycling\/","name":"Recycling - Kroon","isPartOf":{"@id":"https:\/\/www.kroonwilnis.nl\/de\/#website"},"datePublished":"2021-11-04T15:08:42+00:00","dateModified":"2022-01-04T16:47:19+00:00","breadcrumb":{"@id":"https:\/\/www.kroonwilnis.nl\/de\/recycling\/#breadcrumb"},"inLanguage":"de","potentialAction":[{"@type":"ReadAction","target":["https:\/\/www.kroonwilnis.nl\/de\/recycling\/"]}]},{"@type":"BreadcrumbList","@id":"https:\/\/www.kroonwilnis.nl\/de\/recycling\/#breadcrumb","itemListElement":[{"@type":"ListItem","position":1,"name":"Home","item":"https:\/\/www.kroonwilnis.nl\/de\/home\/"},{"@type":"ListItem","position":2,"name":"Recycling"}]},{"@type":"WebSite","@id":"https:\/\/www.kroonwilnis.nl\/de\/#website","url":"https:\/\/www.kroonwilnis.nl\/de\/","name":"Kroon","description":"","potentialAction":[{"@type":"SearchAction","target":{"@type":"EntryPoint","urlTemplate":"https:\/\/www.kroonwilnis.nl\/de\/?s={search_term_string}"},"query-input":{"@type":"PropertyValueSpecification","valueRequired":true,"valueName":"search_term_string"}}],"inLanguage":"de"}]}},"_links":{"self":[{"href":"https:\/\/www.kroonwilnis.nl\/de\/wp-json\/wp\/v2\/pages\/611","targetHints":{"allow":["GET"]}}],"collection":[{"href":"https:\/\/www.kroonwilnis.nl\/de\/wp-json\/wp\/v2\/pages"}],"about":[{"href":"https:\/\/www.kroonwilnis.nl\/de\/wp-json\/wp\/v2\/types\/page"}],"author":[{"embeddable":true,"href":"https:\/\/www.kroonwilnis.nl\/de\/wp-json\/wp\/v2\/users\/1"}],"replies":[{"embeddable":true,"href":"https:\/\/www.kroonwilnis.nl\/de\/wp-json\/wp\/v2\/comments?post=611"}],"version-history":[{"count":4,"href":"https:\/\/www.kroonwilnis.nl\/de\/wp-json\/wp\/v2\/pages\/611\/revisions"}],"predecessor-version":[{"id":970,"href":"https:\/\/www.kroonwilnis.nl\/de\/wp-json\/wp\/v2\/pages\/611\/revisions\/970"}],"wp:attachment":[{"href":"https:\/\/www.kroonwilnis.nl\/de\/wp-json\/wp\/v2\/media?parent=611"}],"curies":[{"name":"wp","href":"https:\/\/api.w.org\/{rel}","templated":true}]}}