{"id":615,"date":"2021-11-04T15:10:36","date_gmt":"2021-11-04T15:10:36","guid":{"rendered":"https:\/\/preview.kroonwilnis.nl\/abbrucharbeiten\/"},"modified":"2022-01-04T16:50:52","modified_gmt":"2022-01-04T16:50:52","slug":"abbrucharbeiten","status":"publish","type":"page","link":"https:\/\/www.kroonwilnis.nl\/de\/abbrucharbeiten\/","title":{"rendered":"Abbrucharbeiten"},"content":{"rendered":"\n<div class=\"wp-block-columns is-layout-flex wp-container-core-columns-is-layout-9d6595d7 wp-block-columns-is-layout-flex\">\n<div class=\"wp-block-column is-layout-flow wp-block-column-is-layout-flow\">\n<p>Wir sind spezialisiert auf Abbrucharbeiten, diese Arbeiten k\u00f6nnen bei Ihnen vor Ort oder bei uns erfolgen. Gerne unterst\u00fctzen wir Sie auch bei Abbrucharbeiten auf internationaler Ebene.<\/p>\n\n\n\n<p>Grunds\u00e4tzlich k\u00f6nnen wir fast alles abrei\u00dfen, was mit Eisen- und Metallschrott zu tun hat.<br\/>&#13;\nWir rei\u00dfen Geb\u00e4ude und Anlagen fachgerecht ab.<br\/>&#13;\nWir arbeiten nur mit spezialisierten Abbruchprofis zusammen und halten uns an die Gesetze und Vorschriften.<br\/>&#13;\nSelbstverst\u00e4ndlich werden unsere Arbeitsmittel regelm\u00e4\u00dfig gewartet und zeitnah \u00fcberpr\u00fcft.<\/p>\n\n\n\n<p>Sicherheit steht bei Abbrucharbeiten an erster Stelle, zus\u00e4tzlich sollten Sie auch an m\u00f6gliche L\u00e4rmeinschr\u00e4nkungen, Umweltauflagen etc. denken.<br\/>&#13;\nAlle Faktoren m\u00fcssen aufeinander abgestimmt sein, das k\u00f6nnen Sie von unserem Familienunternehmen erwarten.<\/p>\n\n\n\n<p>Haben Sie Abbrucharbeiten? Nehmen Sie gerne Kontakt mit uns auf, damit wir mit Ihnen besprechen k\u00f6nnen, wie wir Ihre Art von Abbrucharbeiten durchf\u00fchren k\u00f6nnen.<\/p>\n<\/div>\n\n\n\n<div class=\"wp-block-column is-layout-flow wp-block-column-is-layout-flow\">\n\n<\/div>\n<\/div>\n","protected":false},"excerpt":{"rendered":"<p>Wir sind spezialisiert auf Abbrucharbeiten, diese Arbeiten k\u00f6nnen bei Ihnen vor Ort oder bei uns erfolgen. Gerne unterst\u00fctzen wir Sie auch bei Abbrucharbeiten auf internationaler Ebene. Grunds\u00e4tzlich k\u00f6nnen wir fast alles abrei\u00dfen, was mit Eisen- und Metallschrott zu tun hat.&#13; Wir rei\u00dfen Geb\u00e4ude und Anlagen fachgerecht ab.&#13; Wir arbeiten nur mit spezialisierten Abbruchprofis zusammen und<a class=\"excerpt-read-more\" href=\"https:\/\/www.kroonwilnis.nl\/de\/abbrucharbeiten\/\" title=\"ReadAbbrucharbeiten\">&#8230; Read more &raquo;<\/a><\/p>\n","protected":false},"author":1,"featured_media":0,"parent":0,"menu_order":0,"comment_status":"closed","ping_status":"closed","template":"","meta":{"_acf_changed":false,"footnotes":""},"class_list":["post-615","page","type-page","status-publish","hentry"],"acf":[],"yoast_head":"<!-- This site is optimized with the Yoast SEO plugin v27.5 - https:\/\/yoast.com\/product\/yoast-seo-wordpress\/ -->\n<title>Abbrucharbeiten - Kroon<\/title>\n<meta name=\"robots\" content=\"index, follow, max-snippet:-1, max-image-preview:large, max-video-preview:-1\" \/>\n<link rel=\"canonical\" href=\"https:\/\/www.kroonwilnis.nl\/de\/abbrucharbeiten\/\" \/>\n<meta property=\"og:locale\" content=\"de_DE\" \/>\n<meta property=\"og:type\" content=\"article\" \/>\n<meta property=\"og:title\" content=\"Abbrucharbeiten - Kroon\" \/>\n<meta property=\"og:description\" content=\"Wir sind spezialisiert auf Abbrucharbeiten, diese Arbeiten k\u00f6nnen bei Ihnen vor Ort oder bei uns erfolgen. Gerne unterst\u00fctzen wir Sie auch bei Abbrucharbeiten auf internationaler Ebene. Grunds\u00e4tzlich k\u00f6nnen wir fast alles abrei\u00dfen, was mit Eisen- und Metallschrott zu tun hat.&#013; Wir rei\u00dfen Geb\u00e4ude und Anlagen fachgerecht ab.&#013; Wir arbeiten nur mit spezialisierten Abbruchprofis zusammen und... Read more &raquo;\" \/>\n<meta property=\"og:url\" content=\"https:\/\/www.kroonwilnis.nl\/de\/abbrucharbeiten\/\" \/>\n<meta property=\"og:site_name\" content=\"Kroon\" \/>\n<meta property=\"article:modified_time\" content=\"2022-01-04T16:50:52+00:00\" \/>\n<meta name=\"twitter:card\" content=\"summary_large_image\" \/>\n<meta name=\"twitter:label1\" content=\"Gesch\u00e4tzte Lesezeit\" \/>\n\t<meta name=\"twitter:data1\" content=\"1\u00a0Minute\" \/>\n<script type=\"application\/ld+json\" class=\"yoast-schema-graph\">{\"@context\":\"https:\\\/\\\/schema.org\",\"@graph\":[{\"@type\":\"WebPage\",\"@id\":\"https:\\\/\\\/www.kroonwilnis.nl\\\/de\\\/abbrucharbeiten\\\/\",\"url\":\"https:\\\/\\\/www.kroonwilnis.nl\\\/de\\\/abbrucharbeiten\\\/\",\"name\":\"Abbrucharbeiten - Kroon\",\"isPartOf\":{\"@id\":\"https:\\\/\\\/www.kroonwilnis.nl\\\/de\\\/#website\"},\"datePublished\":\"2021-11-04T15:10:36+00:00\",\"dateModified\":\"2022-01-04T16:50:52+00:00\",\"breadcrumb\":{\"@id\":\"https:\\\/\\\/www.kroonwilnis.nl\\\/de\\\/abbrucharbeiten\\\/#breadcrumb\"},\"inLanguage\":\"de\",\"potentialAction\":[{\"@type\":\"ReadAction\",\"target\":[\"https:\\\/\\\/www.kroonwilnis.nl\\\/de\\\/abbrucharbeiten\\\/\"]}]},{\"@type\":\"BreadcrumbList\",\"@id\":\"https:\\\/\\\/www.kroonwilnis.nl\\\/de\\\/abbrucharbeiten\\\/#breadcrumb\",\"itemListElement\":[{\"@type\":\"ListItem\",\"position\":1,\"name\":\"Home\",\"item\":\"https:\\\/\\\/www.kroonwilnis.nl\\\/de\\\/home\\\/\"},{\"@type\":\"ListItem\",\"position\":2,\"name\":\"Abbrucharbeiten\"}]},{\"@type\":\"WebSite\",\"@id\":\"https:\\\/\\\/www.kroonwilnis.nl\\\/de\\\/#website\",\"url\":\"https:\\\/\\\/www.kroonwilnis.nl\\\/de\\\/\",\"name\":\"Kroon\",\"description\":\"\",\"potentialAction\":[{\"@type\":\"SearchAction\",\"target\":{\"@type\":\"EntryPoint\",\"urlTemplate\":\"https:\\\/\\\/www.kroonwilnis.nl\\\/de\\\/?s={search_term_string}\"},\"query-input\":{\"@type\":\"PropertyValueSpecification\",\"valueRequired\":true,\"valueName\":\"search_term_string\"}}],\"inLanguage\":\"de\"}]}<\/script>\n<!-- \/ Yoast SEO plugin. -->","yoast_head_json":{"title":"Abbrucharbeiten - Kroon","robots":{"index":"index","follow":"follow","max-snippet":"max-snippet:-1","max-image-preview":"max-image-preview:large","max-video-preview":"max-video-preview:-1"},"canonical":"https:\/\/www.kroonwilnis.nl\/de\/abbrucharbeiten\/","og_locale":"de_DE","og_type":"article","og_title":"Abbrucharbeiten - Kroon","og_description":"Wir sind spezialisiert auf Abbrucharbeiten, diese Arbeiten k\u00f6nnen bei Ihnen vor Ort oder bei uns erfolgen. Gerne unterst\u00fctzen wir Sie auch bei Abbrucharbeiten auf internationaler Ebene. Grunds\u00e4tzlich k\u00f6nnen wir fast alles abrei\u00dfen, was mit Eisen- und Metallschrott zu tun hat.&#13; Wir rei\u00dfen Geb\u00e4ude und Anlagen fachgerecht ab.&#13; Wir arbeiten nur mit spezialisierten Abbruchprofis zusammen und... Read more &raquo;","og_url":"https:\/\/www.kroonwilnis.nl\/de\/abbrucharbeiten\/","og_site_name":"Kroon","article_modified_time":"2022-01-04T16:50:52+00:00","twitter_card":"summary_large_image","twitter_misc":{"Gesch\u00e4tzte Lesezeit":"1\u00a0Minute"},"schema":{"@context":"https:\/\/schema.org","@graph":[{"@type":"WebPage","@id":"https:\/\/www.kroonwilnis.nl\/de\/abbrucharbeiten\/","url":"https:\/\/www.kroonwilnis.nl\/de\/abbrucharbeiten\/","name":"Abbrucharbeiten - Kroon","isPartOf":{"@id":"https:\/\/www.kroonwilnis.nl\/de\/#website"},"datePublished":"2021-11-04T15:10:36+00:00","dateModified":"2022-01-04T16:50:52+00:00","breadcrumb":{"@id":"https:\/\/www.kroonwilnis.nl\/de\/abbrucharbeiten\/#breadcrumb"},"inLanguage":"de","potentialAction":[{"@type":"ReadAction","target":["https:\/\/www.kroonwilnis.nl\/de\/abbrucharbeiten\/"]}]},{"@type":"BreadcrumbList","@id":"https:\/\/www.kroonwilnis.nl\/de\/abbrucharbeiten\/#breadcrumb","itemListElement":[{"@type":"ListItem","position":1,"name":"Home","item":"https:\/\/www.kroonwilnis.nl\/de\/home\/"},{"@type":"ListItem","position":2,"name":"Abbrucharbeiten"}]},{"@type":"WebSite","@id":"https:\/\/www.kroonwilnis.nl\/de\/#website","url":"https:\/\/www.kroonwilnis.nl\/de\/","name":"Kroon","description":"","potentialAction":[{"@type":"SearchAction","target":{"@type":"EntryPoint","urlTemplate":"https:\/\/www.kroonwilnis.nl\/de\/?s={search_term_string}"},"query-input":{"@type":"PropertyValueSpecification","valueRequired":true,"valueName":"search_term_string"}}],"inLanguage":"de"}]}},"_links":{"self":[{"href":"https:\/\/www.kroonwilnis.nl\/de\/wp-json\/wp\/v2\/pages\/615","targetHints":{"allow":["GET"]}}],"collection":[{"href":"https:\/\/www.kroonwilnis.nl\/de\/wp-json\/wp\/v2\/pages"}],"about":[{"href":"https:\/\/www.kroonwilnis.nl\/de\/wp-json\/wp\/v2\/types\/page"}],"author":[{"embeddable":true,"href":"https:\/\/www.kroonwilnis.nl\/de\/wp-json\/wp\/v2\/users\/1"}],"replies":[{"embeddable":true,"href":"https:\/\/www.kroonwilnis.nl\/de\/wp-json\/wp\/v2\/comments?post=615"}],"version-history":[{"count":4,"href":"https:\/\/www.kroonwilnis.nl\/de\/wp-json\/wp\/v2\/pages\/615\/revisions"}],"predecessor-version":[{"id":974,"href":"https:\/\/www.kroonwilnis.nl\/de\/wp-json\/wp\/v2\/pages\/615\/revisions\/974"}],"wp:attachment":[{"href":"https:\/\/www.kroonwilnis.nl\/de\/wp-json\/wp\/v2\/media?parent=615"}],"curies":[{"name":"wp","href":"https:\/\/api.w.org\/{rel}","templated":true}]}}