{"id":623,"date":"2021-11-04T15:13:48","date_gmt":"2021-11-04T15:13:48","guid":{"rendered":"https:\/\/preview.kroonwilnis.nl\/containers\/"},"modified":"2022-01-04T16:56:16","modified_gmt":"2022-01-04T16:56:16","slug":"containers","status":"publish","type":"page","link":"https:\/\/www.kroonwilnis.nl\/de\/containers\/","title":{"rendered":"Container"},"content":{"rendered":"\n<p class=\"c-text\"><\/p>\n\n<p><\/p>\n\n<div class=\"wp-block-columns is-layout-flex wp-container-core-columns-is-layout-9d6595d7 wp-block-columns-is-layout-flex\">\n<div class=\"wp-block-column is-layout-flow wp-block-column-is-layout-flow\">\n<p>Haben Sie eine gro\u00dfe Menge Schrott oder Metalle?<br\/>&#13;\nDann ist unser Containerservice wahrscheinlich die passende L\u00f6sung f\u00fcr Sie.<\/p>\n\n\n\n<p>E. Kroon Wilnis B.V. verf\u00fcgt \u00fcber eigene LKWs, mit denen wir Container platzieren und bei unsere Kunden abholen. Wir haben Container in verschiedenen Gr\u00f6\u00dfen.<br\/>&#13;\nAufgrund der zentralen Lage unseres Unternehmens bieten wir unseren Containerservice in den Niederlanden an.<\/p>\n\n\n\n<p>Da wir Abbrucharbeiten auch international durchf\u00fchren, bieten wir unseren Containerservice auch in L\u00e4ndern wie Deutschland und Belgien an.<\/p>\n<\/div>\n\n\n\n<div class=\"wp-block-column is-layout-flow wp-block-column-is-layout-flow\">\n\n<\/div>\n<\/div>\n","protected":false},"excerpt":{"rendered":"<p>Haben Sie eine gro\u00dfe Menge Schrott oder Metalle?&#13; Dann ist unser Containerservice wahrscheinlich die passende L\u00f6sung f\u00fcr Sie. E. Kroon Wilnis B.V. verf\u00fcgt \u00fcber eigene LKWs, mit denen wir Container platzieren und bei unsere Kunden abholen. Wir haben Container in verschiedenen Gr\u00f6\u00dfen.&#13; Aufgrund der zentralen Lage unseres Unternehmens bieten wir unseren Containerservice in den Niederlanden<a class=\"excerpt-read-more\" href=\"https:\/\/www.kroonwilnis.nl\/de\/containers\/\" title=\"ReadContainer\">&#8230; Read more &raquo;<\/a><\/p>\n","protected":false},"author":1,"featured_media":0,"parent":0,"menu_order":0,"comment_status":"closed","ping_status":"closed","template":"","meta":{"_acf_changed":false,"footnotes":""},"class_list":["post-623","page","type-page","status-publish","hentry"],"acf":[],"yoast_head":"<!-- This site is optimized with the Yoast SEO plugin v27.3 - https:\/\/yoast.com\/product\/yoast-seo-wordpress\/ -->\n<title>Container - Kroon<\/title>\n<meta name=\"robots\" content=\"index, follow, max-snippet:-1, max-image-preview:large, max-video-preview:-1\" \/>\n<link rel=\"canonical\" href=\"https:\/\/www.kroonwilnis.nl\/de\/containers\/\" \/>\n<meta property=\"og:locale\" content=\"de_DE\" \/>\n<meta property=\"og:type\" content=\"article\" \/>\n<meta property=\"og:title\" content=\"Container - Kroon\" \/>\n<meta property=\"og:description\" content=\"Haben Sie eine gro\u00dfe Menge Schrott oder Metalle?&#013; Dann ist unser Containerservice wahrscheinlich die passende L\u00f6sung f\u00fcr Sie. E. Kroon Wilnis B.V. verf\u00fcgt \u00fcber eigene LKWs, mit denen wir Container platzieren und bei unsere Kunden abholen. Wir haben Container in verschiedenen Gr\u00f6\u00dfen.&#013; Aufgrund der zentralen Lage unseres Unternehmens bieten wir unseren Containerservice in den Niederlanden... Read more &raquo;\" \/>\n<meta property=\"og:url\" content=\"https:\/\/www.kroonwilnis.nl\/de\/containers\/\" \/>\n<meta property=\"og:site_name\" content=\"Kroon\" \/>\n<meta property=\"article:modified_time\" content=\"2022-01-04T16:56:16+00:00\" \/>\n<meta name=\"twitter:card\" content=\"summary_large_image\" \/>\n<script type=\"application\/ld+json\" class=\"yoast-schema-graph\">{\"@context\":\"https:\\\/\\\/schema.org\",\"@graph\":[{\"@type\":\"WebPage\",\"@id\":\"https:\\\/\\\/www.kroonwilnis.nl\\\/de\\\/containers\\\/\",\"url\":\"https:\\\/\\\/www.kroonwilnis.nl\\\/de\\\/containers\\\/\",\"name\":\"Container - Kroon\",\"isPartOf\":{\"@id\":\"https:\\\/\\\/www.kroonwilnis.nl\\\/de\\\/#website\"},\"datePublished\":\"2021-11-04T15:13:48+00:00\",\"dateModified\":\"2022-01-04T16:56:16+00:00\",\"breadcrumb\":{\"@id\":\"https:\\\/\\\/www.kroonwilnis.nl\\\/de\\\/containers\\\/#breadcrumb\"},\"inLanguage\":\"de\",\"potentialAction\":[{\"@type\":\"ReadAction\",\"target\":[\"https:\\\/\\\/www.kroonwilnis.nl\\\/de\\\/containers\\\/\"]}]},{\"@type\":\"BreadcrumbList\",\"@id\":\"https:\\\/\\\/www.kroonwilnis.nl\\\/de\\\/containers\\\/#breadcrumb\",\"itemListElement\":[{\"@type\":\"ListItem\",\"position\":1,\"name\":\"Home\",\"item\":\"https:\\\/\\\/www.kroonwilnis.nl\\\/de\\\/home\\\/\"},{\"@type\":\"ListItem\",\"position\":2,\"name\":\"Container\"}]},{\"@type\":\"WebSite\",\"@id\":\"https:\\\/\\\/www.kroonwilnis.nl\\\/de\\\/#website\",\"url\":\"https:\\\/\\\/www.kroonwilnis.nl\\\/de\\\/\",\"name\":\"Kroon\",\"description\":\"\",\"potentialAction\":[{\"@type\":\"SearchAction\",\"target\":{\"@type\":\"EntryPoint\",\"urlTemplate\":\"https:\\\/\\\/www.kroonwilnis.nl\\\/de\\\/?s={search_term_string}\"},\"query-input\":{\"@type\":\"PropertyValueSpecification\",\"valueRequired\":true,\"valueName\":\"search_term_string\"}}],\"inLanguage\":\"de\"}]}<\/script>\n<!-- \/ Yoast SEO plugin. -->","yoast_head_json":{"title":"Container - Kroon","robots":{"index":"index","follow":"follow","max-snippet":"max-snippet:-1","max-image-preview":"max-image-preview:large","max-video-preview":"max-video-preview:-1"},"canonical":"https:\/\/www.kroonwilnis.nl\/de\/containers\/","og_locale":"de_DE","og_type":"article","og_title":"Container - Kroon","og_description":"Haben Sie eine gro\u00dfe Menge Schrott oder Metalle?&#13; Dann ist unser Containerservice wahrscheinlich die passende L\u00f6sung f\u00fcr Sie. E. Kroon Wilnis B.V. verf\u00fcgt \u00fcber eigene LKWs, mit denen wir Container platzieren und bei unsere Kunden abholen. Wir haben Container in verschiedenen Gr\u00f6\u00dfen.&#13; Aufgrund der zentralen Lage unseres Unternehmens bieten wir unseren Containerservice in den Niederlanden... Read more &raquo;","og_url":"https:\/\/www.kroonwilnis.nl\/de\/containers\/","og_site_name":"Kroon","article_modified_time":"2022-01-04T16:56:16+00:00","twitter_card":"summary_large_image","schema":{"@context":"https:\/\/schema.org","@graph":[{"@type":"WebPage","@id":"https:\/\/www.kroonwilnis.nl\/de\/containers\/","url":"https:\/\/www.kroonwilnis.nl\/de\/containers\/","name":"Container - Kroon","isPartOf":{"@id":"https:\/\/www.kroonwilnis.nl\/de\/#website"},"datePublished":"2021-11-04T15:13:48+00:00","dateModified":"2022-01-04T16:56:16+00:00","breadcrumb":{"@id":"https:\/\/www.kroonwilnis.nl\/de\/containers\/#breadcrumb"},"inLanguage":"de","potentialAction":[{"@type":"ReadAction","target":["https:\/\/www.kroonwilnis.nl\/de\/containers\/"]}]},{"@type":"BreadcrumbList","@id":"https:\/\/www.kroonwilnis.nl\/de\/containers\/#breadcrumb","itemListElement":[{"@type":"ListItem","position":1,"name":"Home","item":"https:\/\/www.kroonwilnis.nl\/de\/home\/"},{"@type":"ListItem","position":2,"name":"Container"}]},{"@type":"WebSite","@id":"https:\/\/www.kroonwilnis.nl\/de\/#website","url":"https:\/\/www.kroonwilnis.nl\/de\/","name":"Kroon","description":"","potentialAction":[{"@type":"SearchAction","target":{"@type":"EntryPoint","urlTemplate":"https:\/\/www.kroonwilnis.nl\/de\/?s={search_term_string}"},"query-input":{"@type":"PropertyValueSpecification","valueRequired":true,"valueName":"search_term_string"}}],"inLanguage":"de"}]}},"_links":{"self":[{"href":"https:\/\/www.kroonwilnis.nl\/de\/wp-json\/wp\/v2\/pages\/623","targetHints":{"allow":["GET"]}}],"collection":[{"href":"https:\/\/www.kroonwilnis.nl\/de\/wp-json\/wp\/v2\/pages"}],"about":[{"href":"https:\/\/www.kroonwilnis.nl\/de\/wp-json\/wp\/v2\/types\/page"}],"author":[{"embeddable":true,"href":"https:\/\/www.kroonwilnis.nl\/de\/wp-json\/wp\/v2\/users\/1"}],"replies":[{"embeddable":true,"href":"https:\/\/www.kroonwilnis.nl\/de\/wp-json\/wp\/v2\/comments?post=623"}],"version-history":[{"count":5,"href":"https:\/\/www.kroonwilnis.nl\/de\/wp-json\/wp\/v2\/pages\/623\/revisions"}],"predecessor-version":[{"id":981,"href":"https:\/\/www.kroonwilnis.nl\/de\/wp-json\/wp\/v2\/pages\/623\/revisions\/981"}],"wp:attachment":[{"href":"https:\/\/www.kroonwilnis.nl\/de\/wp-json\/wp\/v2\/media?parent=623"}],"curies":[{"name":"wp","href":"https:\/\/api.w.org\/{rel}","templated":true}]}}