{"id":649,"date":"2021-11-04T15:45:32","date_gmt":"2021-11-04T15:45:32","guid":{"rendered":"https:\/\/preview.kroonwilnis.nl\/verzichtserklaerung\/"},"modified":"2021-12-31T15:30:40","modified_gmt":"2021-12-31T15:30:40","slug":"verzichtserklaerung","status":"publish","type":"page","link":"https:\/\/www.kroonwilnis.nl\/de\/verzichtserklaerung\/","title":{"rendered":"Verzichtserkl\u00e4rung"},"content":{"rendered":"\n<p>Es versteht sich von selbst dass wir mit dem Inhalt dieser Seite die notwendige Sorgfalt walten. M\u00f6glicherweise war jedoch etwas unvollst\u00e4ndig oder wurde nicht korrekt angezeigt. Da wir hier nur allgemeine Informationen und keine ma\u00dfgeschneiderten Angebote oder Vereinbarungen zur Verf\u00fcgung stellen, k\u00f6nnen wir auch keine Haftung f\u00fcr diese Seite \u00fcbernehmen. <\/p>\n","protected":false},"excerpt":{"rendered":"<p>Es versteht sich von selbst dass wir mit dem Inhalt dieser Seite die notwendige Sorgfalt walten. M\u00f6glicherweise war jedoch etwas unvollst\u00e4ndig oder wurde nicht korrekt angezeigt. Da wir hier nur allgemeine Informationen und keine ma\u00dfgeschneiderten Angebote oder Vereinbarungen zur Verf\u00fcgung stellen, k\u00f6nnen wir auch keine Haftung f\u00fcr diese Seite \u00fcbernehmen.<\/p>\n","protected":false},"author":1,"featured_media":0,"parent":0,"menu_order":0,"comment_status":"closed","ping_status":"closed","template":"","meta":{"_acf_changed":false,"footnotes":""},"class_list":["post-649","page","type-page","status-publish","hentry"],"acf":[],"yoast_head":"<!-- This site is optimized with the Yoast SEO plugin v27.5 - https:\/\/yoast.com\/product\/yoast-seo-wordpress\/ -->\n<title>Verzichtserkl\u00e4rung - Kroon<\/title>\n<meta name=\"robots\" content=\"index, follow, max-snippet:-1, max-image-preview:large, max-video-preview:-1\" \/>\n<link rel=\"canonical\" href=\"https:\/\/www.kroonwilnis.nl\/de\/verzichtserklaerung\/\" \/>\n<meta property=\"og:locale\" content=\"de_DE\" \/>\n<meta property=\"og:type\" content=\"article\" \/>\n<meta property=\"og:title\" content=\"Verzichtserkl\u00e4rung - Kroon\" \/>\n<meta property=\"og:description\" content=\"Es versteht sich von selbst dass wir mit dem Inhalt dieser Seite die notwendige Sorgfalt walten. M\u00f6glicherweise war jedoch etwas unvollst\u00e4ndig oder wurde nicht korrekt angezeigt. Da wir hier nur allgemeine Informationen und keine ma\u00dfgeschneiderten Angebote oder Vereinbarungen zur Verf\u00fcgung stellen, k\u00f6nnen wir auch keine Haftung f\u00fcr diese Seite \u00fcbernehmen.\" \/>\n<meta property=\"og:url\" content=\"https:\/\/www.kroonwilnis.nl\/de\/verzichtserklaerung\/\" \/>\n<meta property=\"og:site_name\" content=\"Kroon\" \/>\n<meta property=\"article:modified_time\" content=\"2021-12-31T15:30:40+00:00\" \/>\n<meta name=\"twitter:card\" content=\"summary_large_image\" \/>\n<script type=\"application\/ld+json\" class=\"yoast-schema-graph\">{\"@context\":\"https:\\\/\\\/schema.org\",\"@graph\":[{\"@type\":\"WebPage\",\"@id\":\"https:\\\/\\\/www.kroonwilnis.nl\\\/de\\\/verzichtserklaerung\\\/\",\"url\":\"https:\\\/\\\/www.kroonwilnis.nl\\\/de\\\/verzichtserklaerung\\\/\",\"name\":\"Verzichtserkl\u00e4rung - Kroon\",\"isPartOf\":{\"@id\":\"https:\\\/\\\/www.kroonwilnis.nl\\\/de\\\/#website\"},\"datePublished\":\"2021-11-04T15:45:32+00:00\",\"dateModified\":\"2021-12-31T15:30:40+00:00\",\"breadcrumb\":{\"@id\":\"https:\\\/\\\/www.kroonwilnis.nl\\\/de\\\/verzichtserklaerung\\\/#breadcrumb\"},\"inLanguage\":\"de\",\"potentialAction\":[{\"@type\":\"ReadAction\",\"target\":[\"https:\\\/\\\/www.kroonwilnis.nl\\\/de\\\/verzichtserklaerung\\\/\"]}]},{\"@type\":\"BreadcrumbList\",\"@id\":\"https:\\\/\\\/www.kroonwilnis.nl\\\/de\\\/verzichtserklaerung\\\/#breadcrumb\",\"itemListElement\":[{\"@type\":\"ListItem\",\"position\":1,\"name\":\"Home\",\"item\":\"https:\\\/\\\/www.kroonwilnis.nl\\\/de\\\/home\\\/\"},{\"@type\":\"ListItem\",\"position\":2,\"name\":\"Verzichtserkl\u00e4rung\"}]},{\"@type\":\"WebSite\",\"@id\":\"https:\\\/\\\/www.kroonwilnis.nl\\\/de\\\/#website\",\"url\":\"https:\\\/\\\/www.kroonwilnis.nl\\\/de\\\/\",\"name\":\"Kroon\",\"description\":\"\",\"potentialAction\":[{\"@type\":\"SearchAction\",\"target\":{\"@type\":\"EntryPoint\",\"urlTemplate\":\"https:\\\/\\\/www.kroonwilnis.nl\\\/de\\\/?s={search_term_string}\"},\"query-input\":{\"@type\":\"PropertyValueSpecification\",\"valueRequired\":true,\"valueName\":\"search_term_string\"}}],\"inLanguage\":\"de\"}]}<\/script>\n<!-- \/ Yoast SEO plugin. -->","yoast_head_json":{"title":"Verzichtserkl\u00e4rung - Kroon","robots":{"index":"index","follow":"follow","max-snippet":"max-snippet:-1","max-image-preview":"max-image-preview:large","max-video-preview":"max-video-preview:-1"},"canonical":"https:\/\/www.kroonwilnis.nl\/de\/verzichtserklaerung\/","og_locale":"de_DE","og_type":"article","og_title":"Verzichtserkl\u00e4rung - Kroon","og_description":"Es versteht sich von selbst dass wir mit dem Inhalt dieser Seite die notwendige Sorgfalt walten. M\u00f6glicherweise war jedoch etwas unvollst\u00e4ndig oder wurde nicht korrekt angezeigt. Da wir hier nur allgemeine Informationen und keine ma\u00dfgeschneiderten Angebote oder Vereinbarungen zur Verf\u00fcgung stellen, k\u00f6nnen wir auch keine Haftung f\u00fcr diese Seite \u00fcbernehmen.","og_url":"https:\/\/www.kroonwilnis.nl\/de\/verzichtserklaerung\/","og_site_name":"Kroon","article_modified_time":"2021-12-31T15:30:40+00:00","twitter_card":"summary_large_image","schema":{"@context":"https:\/\/schema.org","@graph":[{"@type":"WebPage","@id":"https:\/\/www.kroonwilnis.nl\/de\/verzichtserklaerung\/","url":"https:\/\/www.kroonwilnis.nl\/de\/verzichtserklaerung\/","name":"Verzichtserkl\u00e4rung - Kroon","isPartOf":{"@id":"https:\/\/www.kroonwilnis.nl\/de\/#website"},"datePublished":"2021-11-04T15:45:32+00:00","dateModified":"2021-12-31T15:30:40+00:00","breadcrumb":{"@id":"https:\/\/www.kroonwilnis.nl\/de\/verzichtserklaerung\/#breadcrumb"},"inLanguage":"de","potentialAction":[{"@type":"ReadAction","target":["https:\/\/www.kroonwilnis.nl\/de\/verzichtserklaerung\/"]}]},{"@type":"BreadcrumbList","@id":"https:\/\/www.kroonwilnis.nl\/de\/verzichtserklaerung\/#breadcrumb","itemListElement":[{"@type":"ListItem","position":1,"name":"Home","item":"https:\/\/www.kroonwilnis.nl\/de\/home\/"},{"@type":"ListItem","position":2,"name":"Verzichtserkl\u00e4rung"}]},{"@type":"WebSite","@id":"https:\/\/www.kroonwilnis.nl\/de\/#website","url":"https:\/\/www.kroonwilnis.nl\/de\/","name":"Kroon","description":"","potentialAction":[{"@type":"SearchAction","target":{"@type":"EntryPoint","urlTemplate":"https:\/\/www.kroonwilnis.nl\/de\/?s={search_term_string}"},"query-input":{"@type":"PropertyValueSpecification","valueRequired":true,"valueName":"search_term_string"}}],"inLanguage":"de"}]}},"_links":{"self":[{"href":"https:\/\/www.kroonwilnis.nl\/de\/wp-json\/wp\/v2\/pages\/649","targetHints":{"allow":["GET"]}}],"collection":[{"href":"https:\/\/www.kroonwilnis.nl\/de\/wp-json\/wp\/v2\/pages"}],"about":[{"href":"https:\/\/www.kroonwilnis.nl\/de\/wp-json\/wp\/v2\/types\/page"}],"author":[{"embeddable":true,"href":"https:\/\/www.kroonwilnis.nl\/de\/wp-json\/wp\/v2\/users\/1"}],"replies":[{"embeddable":true,"href":"https:\/\/www.kroonwilnis.nl\/de\/wp-json\/wp\/v2\/comments?post=649"}],"version-history":[{"count":3,"href":"https:\/\/www.kroonwilnis.nl\/de\/wp-json\/wp\/v2\/pages\/649\/revisions"}],"predecessor-version":[{"id":946,"href":"https:\/\/www.kroonwilnis.nl\/de\/wp-json\/wp\/v2\/pages\/649\/revisions\/946"}],"wp:attachment":[{"href":"https:\/\/www.kroonwilnis.nl\/de\/wp-json\/wp\/v2\/media?parent=649"}],"curies":[{"name":"wp","href":"https:\/\/api.w.org\/{rel}","templated":true}]}}