{"id":669,"date":"2021-11-08T14:43:05","date_gmt":"2021-11-08T14:43:05","guid":{"rendered":"https:\/\/preview.kroonwilnis.nl\/datenschutzerklaerung\/"},"modified":"2022-01-06T15:55:34","modified_gmt":"2022-01-06T15:55:34","slug":"datenschutzerklaerung","status":"publish","type":"page","link":"https:\/\/www.kroonwilnis.nl\/de\/datenschutzerklaerung\/","title":{"rendered":"Datenschutzerkl\u00e4rung"},"content":{"rendered":"\n<p>Kroon kan persoonsgegevens over u verwerken, doordat u gebruik maakt van de diensten van Kroon en\/of omdat u deze zelf, bij het invullen van een contactformulier op de website, aan Kroon verstrekt.<br\/>Bij het gebruiken van het contactformulier worden de volgende persoonsgegevens verwerkt:<br\/><br\/>\u2022 Uw voor- en achternaam<br\/>\u2022 Uw e-mailadres<br\/><br\/><strong>WAAROM KROON DEZE GEGEVENS NODIG HEEFT<\/strong><br\/><br\/>Kroon verwerkt uw persoonsgegevens om telefonisch contact met u op te kunnen nemen als u daar om verzoekt en\/of om u schriftelijk (per e-mail en\/of per post) te kunnen benaderen indien u telefonisch niet bereikt kunt worden. Tevens kan Kroon uw persoonsgegevens gebruiken voor het uitvoeren van een, met u gesloten, overeenkomst.<br\/><strong><br\/>HOE LANG WORDEN GEGEVENS BEWAARD?<\/strong><br\/><br\/>Kroon bewaart uw persoonsgegevens niet langer dan strikt noodzakelijk is om de doelen te realiseren, waarvoor uw gegevens worden verzameld. Uw gegevens worden niet langer dan \u00e9\u00e9n jaar bewaard, indien er geen overeenkomst met u tot stand komt of een bestaande overeenkomst wordt be\u00ebindigd.<br\/><strong><br\/>WORDEN UW GEGEVENS GEDEELD?<\/strong><br\/><br\/>Kroon verstrekt uw persoonsgegevens enkel en all\u00e9\u00e9n aan derden indien dit nodig is voor de uitvoering van een overeenkomst met u, of om te voldoen aan een wettelijke verplichting.<br\/><br\/><strong>IN KAART BRENGEN WEBSITEBEZOEK<\/strong><br\/><br\/>Kroon gebruikt Google Analytics om bij te houden hoe bezoekers de website gebruiken:<br\/>\u2022 Deze website maakt gebruik van Google Analytics-cookies<br\/>\u2022 Gegevens worden veilig verstuurd middels SSL\/HTTPS<br\/>\u2022 Kroon heeft een bewerkingsovereenkomst met Google afgesloten<br\/>\u2022 Wij hebben ervoor gekozen om een deel van het IP-adres te maskeren zodat de gegevens<br\/>anoniem zijn<br\/>\u2022 De bewaarperiode van gegevens op gebruikersniveau en op gebeurtenisniveau die zijn<br\/>gekoppeld aan cookies, gebruikers-ID&#8217;s en advertentie-ID&#8217;s (bijvoorbeeld<br\/>\u2022 DoubleClick-cookies, Advertising-ID van Android, Identifier for Advertisers van<br\/>\u2022 Apple) worden 26 maanden bewaard in Google Analytics<br\/>\u2022 Het delen van gegevens met derden is uitgeschakeld<br\/>\u2022 Wij maken geen gebruik van andere Google-diensten in combinatie met de Google<br\/>\u2022 Analytics-cookies<br\/><br\/>Indien u geen prijs stelt op het vastleggen van uw geanonimiseerd bezoekgedrag kunt u ervoor zorgen dat de webanalytics tool \u201cGoogle Analytics\u201d zoals door Kroon gebruikt, g\u00e9\u00e9n gegevens vastlegt in cookies. U dient hiervoor een plug-in te installeren in uw webbrowser. Klik op onderstaande link voor een overzicht van opt-out plug-ins voor diverse browsers: <a rel=\"noopener\" href=\"https:\/\/tools.google.com\/dlpage\/gaoptout\" target=\"&#xA8;_blank&#xA8;\">https:\/\/tools.google.com\/dlpage\/gaoptout<\/a><br\/><br\/><strong>Google Analytics \u2013 verklaring van Google<\/strong><br\/><br\/>Deze website maakt gebruik van Google Analytics, een webanalyse-service die wordt aangeboden door Google Inc. (\u201cGoogle\u201d). Google Analytics maakt gebruik van \u201ccookies\u201d (tekstbestandjes die op uw computer worden geplaatst) om de website te helpen analyseren hoe bezoekers de site gebruiken. De door het cookie gegenereerde anonieme informatie over uw gebruik van de website wordt overgebracht naar en door Google opgeslagen op servers in de Verenigde Staten. Google gebruikt deze informatie om bij te houden hoe deze website wordt gebruikt, rapporten over de website-activiteit op te stellen voor de eigenaar van deze website (Kroon) en andere diensten aan te bieden met betrekking tot website-activiteit en internetgebruik. Google mag deze informatie alleen aan derden verschaffen indien Google hiertoe wettelijk wordt verplicht, of voor zover deze derden de informatie namens Google verwerken. Google zal Uw IP-adres niet combineren met andere gegevens waarover Google beschikt. U kunt het gebruik van cookies weigeren door in Uw browser de daarvoor ge\u00ebigende instellingen te kiezen. Wij wijzen u er echter op dat u in dat geval wellicht niet alle mogelijkheden van deze website kunt benutten. Door gebruik te maken van deze website geeft u toestemming voor het verwerken van de informatie door Google op de wijze en voor de doeleinden zoals hiervoor omschreven.<br\/><br\/><strong>GEGEVENS INZIEN, AANPASSEN OF VERWIJDEREN<\/strong><br\/><br\/>U heeft te allen tijde het recht om uw persoonsgegevens in te zien, te corrigeren of te verwijderen. U kunt een verzoek tot inzage, correctie of verwijdering van uw persoonsgegevens sturen naar Kroon. Kroon zal zo snel mogelijk, maar uiterlijk binnen vier weken, op uw verzoek reageren.<br\/><strong><br\/>BEVEILIGING<\/strong><br\/><br\/>Kroon heeft de bescherming van uw gegevens hoog in het vaandel staan en neemt daarom passende maatregelen om misbruik, verlies, onbevoegde toegang, ongewenste openbaarmaking en ongeoorloofde wijziging tegen te gaan. De website van Kroon maakt gebruik van een betrouwbaar SSL Certificaat om te borgen dat uw persoonsgegevens niet in verkeerde handen vallen.<\/p>\n\n<p>Als u de indruk heeft dat uw gegevens niet goed beveiligd zijn, er aanwijzingen zijn van misbruik of indien u meer informatie wenst over de beveiliging van door Kroon verzamelde persoonsgegevens, neem dan contact met Kroon op.<\/p>\n\n<hr\/>\r\n","protected":false},"excerpt":{"rendered":"<p>Kroon kan persoonsgegevens over u verwerken, doordat u gebruik maakt van de diensten van Kroon en\/of omdat u deze zelf, bij het invullen van een contactformulier op de website, aan Kroon verstrekt.Bij het gebruiken van het contactformulier worden de volgende persoonsgegevens verwerkt: \u2022 Uw voor- en achternaam\u2022 Uw e-mailadres WAAROM KROON DEZE GEGEVENS NODIG HEEFT<a class=\"excerpt-read-more\" href=\"https:\/\/www.kroonwilnis.nl\/de\/datenschutzerklaerung\/\" title=\"ReadDatenschutzerkl\u00e4rung\">&#8230; Read more &raquo;<\/a><\/p>\n","protected":false},"author":1,"featured_media":0,"parent":0,"menu_order":0,"comment_status":"closed","ping_status":"closed","template":"template-full-width.php","meta":{"_acf_changed":false,"footnotes":""},"class_list":["post-669","page","type-page","status-publish","hentry"],"acf":[],"yoast_head":"<!-- This site is optimized with the Yoast SEO plugin v27.4 - https:\/\/yoast.com\/product\/yoast-seo-wordpress\/ -->\n<title>Datenschutzerkl\u00e4rung - Kroon<\/title>\n<meta name=\"robots\" content=\"index, follow, max-snippet:-1, max-image-preview:large, max-video-preview:-1\" \/>\n<link rel=\"canonical\" href=\"https:\/\/www.kroonwilnis.nl\/de\/datenschutzerklaerung\/\" \/>\n<meta property=\"og:locale\" content=\"de_DE\" \/>\n<meta property=\"og:type\" content=\"article\" \/>\n<meta property=\"og:title\" content=\"Datenschutzerkl\u00e4rung - Kroon\" \/>\n<meta property=\"og:description\" content=\"Kroon kan persoonsgegevens over u verwerken, doordat u gebruik maakt van de diensten van Kroon en\/of omdat u deze zelf, bij het invullen van een contactformulier op de website, aan Kroon verstrekt.Bij het gebruiken van het contactformulier worden de volgende persoonsgegevens verwerkt: \u2022 Uw voor- en achternaam\u2022 Uw e-mailadres WAAROM KROON DEZE GEGEVENS NODIG HEEFT... Read more &raquo;\" \/>\n<meta property=\"og:url\" content=\"https:\/\/www.kroonwilnis.nl\/de\/datenschutzerklaerung\/\" \/>\n<meta property=\"og:site_name\" content=\"Kroon\" \/>\n<meta property=\"article:modified_time\" content=\"2022-01-06T15:55:34+00:00\" \/>\n<meta name=\"twitter:card\" content=\"summary_large_image\" \/>\n<meta name=\"twitter:label1\" content=\"Gesch\u00e4tzte Lesezeit\" \/>\n\t<meta name=\"twitter:data1\" content=\"4\u00a0Minuten\" \/>\n<script type=\"application\/ld+json\" class=\"yoast-schema-graph\">{\"@context\":\"https:\\\/\\\/schema.org\",\"@graph\":[{\"@type\":\"WebPage\",\"@id\":\"https:\\\/\\\/www.kroonwilnis.nl\\\/de\\\/datenschutzerklaerung\\\/\",\"url\":\"https:\\\/\\\/www.kroonwilnis.nl\\\/de\\\/datenschutzerklaerung\\\/\",\"name\":\"Datenschutzerkl\u00e4rung - Kroon\",\"isPartOf\":{\"@id\":\"https:\\\/\\\/www.kroonwilnis.nl\\\/de\\\/#website\"},\"datePublished\":\"2021-11-08T14:43:05+00:00\",\"dateModified\":\"2022-01-06T15:55:34+00:00\",\"breadcrumb\":{\"@id\":\"https:\\\/\\\/www.kroonwilnis.nl\\\/de\\\/datenschutzerklaerung\\\/#breadcrumb\"},\"inLanguage\":\"de\",\"potentialAction\":[{\"@type\":\"ReadAction\",\"target\":[\"https:\\\/\\\/www.kroonwilnis.nl\\\/de\\\/datenschutzerklaerung\\\/\"]}]},{\"@type\":\"BreadcrumbList\",\"@id\":\"https:\\\/\\\/www.kroonwilnis.nl\\\/de\\\/datenschutzerklaerung\\\/#breadcrumb\",\"itemListElement\":[{\"@type\":\"ListItem\",\"position\":1,\"name\":\"Home\",\"item\":\"https:\\\/\\\/www.kroonwilnis.nl\\\/de\\\/home\\\/\"},{\"@type\":\"ListItem\",\"position\":2,\"name\":\"Datenschutzerkl\u00e4rung\"}]},{\"@type\":\"WebSite\",\"@id\":\"https:\\\/\\\/www.kroonwilnis.nl\\\/de\\\/#website\",\"url\":\"https:\\\/\\\/www.kroonwilnis.nl\\\/de\\\/\",\"name\":\"Kroon\",\"description\":\"\",\"potentialAction\":[{\"@type\":\"SearchAction\",\"target\":{\"@type\":\"EntryPoint\",\"urlTemplate\":\"https:\\\/\\\/www.kroonwilnis.nl\\\/de\\\/?s={search_term_string}\"},\"query-input\":{\"@type\":\"PropertyValueSpecification\",\"valueRequired\":true,\"valueName\":\"search_term_string\"}}],\"inLanguage\":\"de\"}]}<\/script>\n<!-- \/ Yoast SEO plugin. -->","yoast_head_json":{"title":"Datenschutzerkl\u00e4rung - Kroon","robots":{"index":"index","follow":"follow","max-snippet":"max-snippet:-1","max-image-preview":"max-image-preview:large","max-video-preview":"max-video-preview:-1"},"canonical":"https:\/\/www.kroonwilnis.nl\/de\/datenschutzerklaerung\/","og_locale":"de_DE","og_type":"article","og_title":"Datenschutzerkl\u00e4rung - Kroon","og_description":"Kroon kan persoonsgegevens over u verwerken, doordat u gebruik maakt van de diensten van Kroon en\/of omdat u deze zelf, bij het invullen van een contactformulier op de website, aan Kroon verstrekt.Bij het gebruiken van het contactformulier worden de volgende persoonsgegevens verwerkt: \u2022 Uw voor- en achternaam\u2022 Uw e-mailadres WAAROM KROON DEZE GEGEVENS NODIG HEEFT... Read more &raquo;","og_url":"https:\/\/www.kroonwilnis.nl\/de\/datenschutzerklaerung\/","og_site_name":"Kroon","article_modified_time":"2022-01-06T15:55:34+00:00","twitter_card":"summary_large_image","twitter_misc":{"Gesch\u00e4tzte Lesezeit":"4\u00a0Minuten"},"schema":{"@context":"https:\/\/schema.org","@graph":[{"@type":"WebPage","@id":"https:\/\/www.kroonwilnis.nl\/de\/datenschutzerklaerung\/","url":"https:\/\/www.kroonwilnis.nl\/de\/datenschutzerklaerung\/","name":"Datenschutzerkl\u00e4rung - Kroon","isPartOf":{"@id":"https:\/\/www.kroonwilnis.nl\/de\/#website"},"datePublished":"2021-11-08T14:43:05+00:00","dateModified":"2022-01-06T15:55:34+00:00","breadcrumb":{"@id":"https:\/\/www.kroonwilnis.nl\/de\/datenschutzerklaerung\/#breadcrumb"},"inLanguage":"de","potentialAction":[{"@type":"ReadAction","target":["https:\/\/www.kroonwilnis.nl\/de\/datenschutzerklaerung\/"]}]},{"@type":"BreadcrumbList","@id":"https:\/\/www.kroonwilnis.nl\/de\/datenschutzerklaerung\/#breadcrumb","itemListElement":[{"@type":"ListItem","position":1,"name":"Home","item":"https:\/\/www.kroonwilnis.nl\/de\/home\/"},{"@type":"ListItem","position":2,"name":"Datenschutzerkl\u00e4rung"}]},{"@type":"WebSite","@id":"https:\/\/www.kroonwilnis.nl\/de\/#website","url":"https:\/\/www.kroonwilnis.nl\/de\/","name":"Kroon","description":"","potentialAction":[{"@type":"SearchAction","target":{"@type":"EntryPoint","urlTemplate":"https:\/\/www.kroonwilnis.nl\/de\/?s={search_term_string}"},"query-input":{"@type":"PropertyValueSpecification","valueRequired":true,"valueName":"search_term_string"}}],"inLanguage":"de"}]}},"_links":{"self":[{"href":"https:\/\/www.kroonwilnis.nl\/de\/wp-json\/wp\/v2\/pages\/669","targetHints":{"allow":["GET"]}}],"collection":[{"href":"https:\/\/www.kroonwilnis.nl\/de\/wp-json\/wp\/v2\/pages"}],"about":[{"href":"https:\/\/www.kroonwilnis.nl\/de\/wp-json\/wp\/v2\/types\/page"}],"author":[{"embeddable":true,"href":"https:\/\/www.kroonwilnis.nl\/de\/wp-json\/wp\/v2\/users\/1"}],"replies":[{"embeddable":true,"href":"https:\/\/www.kroonwilnis.nl\/de\/wp-json\/wp\/v2\/comments?post=669"}],"version-history":[{"count":4,"href":"https:\/\/www.kroonwilnis.nl\/de\/wp-json\/wp\/v2\/pages\/669\/revisions"}],"predecessor-version":[{"id":991,"href":"https:\/\/www.kroonwilnis.nl\/de\/wp-json\/wp\/v2\/pages\/669\/revisions\/991"}],"wp:attachment":[{"href":"https:\/\/www.kroonwilnis.nl\/de\/wp-json\/wp\/v2\/media?parent=669"}],"curies":[{"name":"wp","href":"https:\/\/api.w.org\/{rel}","templated":true}]}}